{"id":171,"date":"2020-10-02T15:51:14","date_gmt":"2020-10-02T13:51:14","guid":{"rendered":"http:\/\/www.decode-foundation.hu\/kapcsolat\/"},"modified":"2020-10-13T09:57:59","modified_gmt":"2020-10-13T07:57:59","slug":"contact","status":"publish","type":"page","link":"https:\/\/decode-foundation.hu\/en\/contact\/","title":{"rendered":"Contact"},"content":{"rendered":"","protected":false},"excerpt":{"rendered":"<div class=\"cl-effect-3\">\n<h6 class=\"bordstudio-button-link\"><span class=\"bordstudio-button-text\">read more<\/span><\/h6>\n<\/div>\n","protected":false},"author":2,"featured_media":0,"parent":0,"menu_order":0,"comment_status":"closed","ping_status":"closed","template":"page-contact.php","meta":{"_acf_changed":false,"footnotes":""},"class_list":["post-171","page","type-page","status-publish","hentry"],"acf":[],"yoast_head":"<!-- This site is optimized with the Yoast SEO plugin v24.7 - https:\/\/yoast.com\/wordpress\/plugins\/seo\/ -->\n<title>Contact - DECODE - Kort\u00e1rs \u00c9p\u00edt\u00e9szeti \u00e9s M\u0171v\u00e9szeti Alap\u00edtv\u00e1ny<\/title>\n<meta name=\"robots\" content=\"index, follow, max-snippet:-1, max-image-preview:large, max-video-preview:-1\" \/>\n<link rel=\"canonical\" href=\"https:\/\/decode-foundation.hu\/en\/contact\/\" \/>\n<meta property=\"og:locale\" content=\"en_US\" \/>\n<meta property=\"og:type\" content=\"article\" \/>\n<meta property=\"og:title\" content=\"Contact - DECODE - Kort\u00e1rs \u00c9p\u00edt\u00e9szeti \u00e9s M\u0171v\u00e9szeti Alap\u00edtv\u00e1ny\" \/>\n<meta property=\"og:description\" content=\"read more\" \/>\n<meta property=\"og:url\" content=\"https:\/\/decode-foundation.hu\/en\/contact\/\" \/>\n<meta property=\"og:site_name\" content=\"DECODE - Kort\u00e1rs \u00c9p\u00edt\u00e9szeti \u00e9s M\u0171v\u00e9szeti Alap\u00edtv\u00e1ny\" \/>\n<meta property=\"article:modified_time\" content=\"2020-10-13T07:57:59+00:00\" \/>\n<meta property=\"og:image\" content=\"https:\/\/decode-foundation.hu\/wp-content\/uploads\/2020\/10\/Decode-dij-foto-KerekesZoltan-01.jpg\" \/>\n\t<meta property=\"og:image:width\" content=\"1920\" \/>\n\t<meta property=\"og:image:height\" content=\"1080\" \/>\n\t<meta property=\"og:image:type\" content=\"image\/jpeg\" \/>\n<meta name=\"twitter:card\" content=\"summary_large_image\" \/>\n<script type=\"application\/ld+json\" class=\"yoast-schema-graph\">{\"@context\":\"https:\/\/schema.org\",\"@graph\":[{\"@type\":\"WebPage\",\"@id\":\"https:\/\/decode-foundation.hu\/en\/contact\/\",\"url\":\"https:\/\/decode-foundation.hu\/en\/contact\/\",\"name\":\"Contact - DECODE - Kort\u00e1rs \u00c9p\u00edt\u00e9szeti \u00e9s M\u0171v\u00e9szeti Alap\u00edtv\u00e1ny\",\"isPartOf\":{\"@id\":\"https:\/\/decode-foundation.hu\/en\/#website\"},\"datePublished\":\"2020-10-02T13:51:14+00:00\",\"dateModified\":\"2020-10-13T07:57:59+00:00\",\"breadcrumb\":{\"@id\":\"https:\/\/decode-foundation.hu\/en\/contact\/#breadcrumb\"},\"inLanguage\":\"en-US\",\"potentialAction\":[{\"@type\":\"ReadAction\",\"target\":[\"https:\/\/decode-foundation.hu\/en\/contact\/\"]}]},{\"@type\":\"BreadcrumbList\",\"@id\":\"https:\/\/decode-foundation.hu\/en\/contact\/#breadcrumb\",\"itemListElement\":[{\"@type\":\"ListItem\",\"position\":1,\"name\":\"Kezd\u0151lap\",\"item\":\"https:\/\/decode-foundation.hu\/en\/\"},{\"@type\":\"ListItem\",\"position\":2,\"name\":\"Contact\"}]},{\"@type\":\"WebSite\",\"@id\":\"https:\/\/decode-foundation.hu\/en\/#website\",\"url\":\"https:\/\/decode-foundation.hu\/en\/\",\"name\":\"DECODE - Kort\u00e1rs \u00c9p\u00edt\u00e9szeti \u00e9s M\u0171v\u00e9szeti Alap\u00edtv\u00e1ny\",\"description\":\"\",\"potentialAction\":[{\"@type\":\"SearchAction\",\"target\":{\"@type\":\"EntryPoint\",\"urlTemplate\":\"https:\/\/decode-foundation.hu\/en\/?s={search_term_string}\"},\"query-input\":{\"@type\":\"PropertyValueSpecification\",\"valueRequired\":true,\"valueName\":\"search_term_string\"}}],\"inLanguage\":\"en-US\"}]}<\/script>\n<!-- \/ Yoast SEO plugin. -->","yoast_head_json":{"title":"Contact - DECODE - Kort\u00e1rs \u00c9p\u00edt\u00e9szeti \u00e9s M\u0171v\u00e9szeti Alap\u00edtv\u00e1ny","robots":{"index":"index","follow":"follow","max-snippet":"max-snippet:-1","max-image-preview":"max-image-preview:large","max-video-preview":"max-video-preview:-1"},"canonical":"https:\/\/decode-foundation.hu\/en\/contact\/","og_locale":"en_US","og_type":"article","og_title":"Contact - DECODE - Kort\u00e1rs \u00c9p\u00edt\u00e9szeti \u00e9s M\u0171v\u00e9szeti Alap\u00edtv\u00e1ny","og_description":"read more","og_url":"https:\/\/decode-foundation.hu\/en\/contact\/","og_site_name":"DECODE - Kort\u00e1rs \u00c9p\u00edt\u00e9szeti \u00e9s M\u0171v\u00e9szeti Alap\u00edtv\u00e1ny","article_modified_time":"2020-10-13T07:57:59+00:00","og_image":[{"width":1920,"height":1080,"url":"https:\/\/decode-foundation.hu\/wp-content\/uploads\/2020\/10\/Decode-dij-foto-KerekesZoltan-01.jpg","type":"image\/jpeg"}],"twitter_card":"summary_large_image","schema":{"@context":"https:\/\/schema.org","@graph":[{"@type":"WebPage","@id":"https:\/\/decode-foundation.hu\/en\/contact\/","url":"https:\/\/decode-foundation.hu\/en\/contact\/","name":"Contact - DECODE - Kort\u00e1rs \u00c9p\u00edt\u00e9szeti \u00e9s M\u0171v\u00e9szeti Alap\u00edtv\u00e1ny","isPartOf":{"@id":"https:\/\/decode-foundation.hu\/en\/#website"},"datePublished":"2020-10-02T13:51:14+00:00","dateModified":"2020-10-13T07:57:59+00:00","breadcrumb":{"@id":"https:\/\/decode-foundation.hu\/en\/contact\/#breadcrumb"},"inLanguage":"en-US","potentialAction":[{"@type":"ReadAction","target":["https:\/\/decode-foundation.hu\/en\/contact\/"]}]},{"@type":"BreadcrumbList","@id":"https:\/\/decode-foundation.hu\/en\/contact\/#breadcrumb","itemListElement":[{"@type":"ListItem","position":1,"name":"Kezd\u0151lap","item":"https:\/\/decode-foundation.hu\/en\/"},{"@type":"ListItem","position":2,"name":"Contact"}]},{"@type":"WebSite","@id":"https:\/\/decode-foundation.hu\/en\/#website","url":"https:\/\/decode-foundation.hu\/en\/","name":"DECODE - Kort\u00e1rs \u00c9p\u00edt\u00e9szeti \u00e9s M\u0171v\u00e9szeti Alap\u00edtv\u00e1ny","description":"","potentialAction":[{"@type":"SearchAction","target":{"@type":"EntryPoint","urlTemplate":"https:\/\/decode-foundation.hu\/en\/?s={search_term_string}"},"query-input":{"@type":"PropertyValueSpecification","valueRequired":true,"valueName":"search_term_string"}}],"inLanguage":"en-US"}]}},"_links":{"self":[{"href":"https:\/\/decode-foundation.hu\/en\/wp-json\/wp\/v2\/pages\/171","targetHints":{"allow":["GET"]}}],"collection":[{"href":"https:\/\/decode-foundation.hu\/en\/wp-json\/wp\/v2\/pages"}],"about":[{"href":"https:\/\/decode-foundation.hu\/en\/wp-json\/wp\/v2\/types\/page"}],"author":[{"embeddable":true,"href":"https:\/\/decode-foundation.hu\/en\/wp-json\/wp\/v2\/users\/2"}],"replies":[{"embeddable":true,"href":"https:\/\/decode-foundation.hu\/en\/wp-json\/wp\/v2\/comments?post=171"}],"version-history":[{"count":2,"href":"https:\/\/decode-foundation.hu\/en\/wp-json\/wp\/v2\/pages\/171\/revisions"}],"predecessor-version":[{"id":236,"href":"https:\/\/decode-foundation.hu\/en\/wp-json\/wp\/v2\/pages\/171\/revisions\/236"}],"wp:attachment":[{"href":"https:\/\/decode-foundation.hu\/en\/wp-json\/wp\/v2\/media?parent=171"}],"curies":[{"name":"wp","href":"https:\/\/api.w.org\/{rel}","templated":true}]}}